{"id":23,"date":"2025-04-08T18:24:54","date_gmt":"2025-04-08T18:24:54","guid":{"rendered":"http:\/\/test.gedysound.cz\/?page_id=23"},"modified":"2025-05-15T20:30:22","modified_gmt":"2025-05-15T20:30:22","slug":"osvetleni","status":"publish","type":"page","link":"https:\/\/www.gedysound.cz\/?page_id=23","title":{"rendered":"Osv\u011btlen\u00ed"},"content":{"rendered":"\n<p>Pro zaji\u0161t\u011bn\u00ed kvalitn\u00edho osv\u011btlen\u00ed akc\u00ed&nbsp;vyu\u017e\u00edv\u00e1me&nbsp;profesion\u00e1ln\u00ed techniku od p\u0159edn\u00edch sv\u011btov\u00fdch&nbsp;v\u00fdrobc\u016f.&nbsp;&nbsp;<\/p>\n\n\n\n<p><em>&gt;&nbsp;Dage&nbsp;<\/em><em>&gt;&nbsp;JB Lighting&nbsp;<\/em><em>&gt; High end System .&nbsp;<\/em><\/p>\n\n\n\n<p>D\u00edky dne\u0161n\u00ed ledkov\u00e9 technologii m\u016f\u017eeme nab\u00eddnout vysokou rozmanitost barev RGB re\u017eimu, p\u0159i velice n\u00edzk\u00e9 spot\u0159eb\u011b.&nbsp;<\/p>\n\n\n\n<h1 class=\"wp-block-heading\"><strong>M\u016f\u017eeme&nbsp;V\u00e1m nab\u00eddnout r\u016fzn\u00e9 varianty nasv\u00edcen\u00ed sc\u00e9n :<\/strong><\/h1>\n\n\n\n<ul class=\"wp-block-list\">\n<li>Nasv\u00edcen\u00ed koncert\u016f a festival\u016f\u00a0<\/li>\n\n\n\n<li>Nasv\u00edcen\u00ed prezentac\u00ed a r\u016fzn\u00fdch firemn\u00edch ve\u010d\u00edrk\u016f \u010di oslav<\/li>\n\n\n\n<li>Nasv\u00edcen\u00ed interi\u00e9ru ( fiermn\u00edch prostor, kongresov\u00fdch center )<\/li>\n\n\n\n<li>Efektov\u00e9 nasv\u00edcen\u00ed divadeln\u00edch sc\u00e9n<\/li>\n\n\n\n<li>Nasv\u00edcen\u00ed \u00a0interi\u00e9ru autosal\u00f3n\u016f\u00a0 a vystaven\u00fdch automobil\u016f<\/li>\n\n\n\n<li>Nasv\u00edcen\u00ed m\u00f3dn\u00edch p\u0159ehl\u00eddek a doprovodn\u00fdch program\u016f<\/li>\n\n\n\n<li>Exteri\u00e9rov\u00e9 nasv\u00edcen\u00ed budov s mo\u017enost\u00ed zak\u00e1zkov\u00fdch gob Va\u0161eho loga firmy.\u00a0<br>( logo um\u00edst\u011bn\u00e9 v inteligentn\u00edch pohybliv\u00fdch hlav\u00e1ch\u00a0pro prom\u00edt\u00e1n\u00ed na st\u011bnu \u010di do prostor s\u00e1lu )<\/li>\n\n\n\n<li>Nasv\u00edcen\u00ed reklamn\u00edch ploch\u00a0a upout\u00e1vek\u00a0<\/li>\n\n\n\n<li>Nasv\u00edcen\u00ed sportovn\u00edch akc\u00ed, jako jsou nap\u0159\u00edklad Noci Bojov\u00fdch um\u011bn\u00ed nebo vyhla\u0161ov\u00e1n\u00ed v\u00edt\u011bz\u016f automibilov\u00e9 rally.<\/li>\n<\/ul>\n\n\n\n<p>&nbsp;Jako dopln\u011bk pro profesion\u00e1ln\u00ed lite show&nbsp;lze pou\u017e\u00edt&nbsp;Laserov\u00e9&nbsp;nebo pyrotechnick\u00e9 efekty<\/p>\n","protected":false},"excerpt":{"rendered":"<p>Pro zaji\u0161t\u011bn\u00ed kvalitn\u00edho osv\u011btlen\u00ed akc\u00ed&nbsp;vyu\u017e\u00edv\u00e1me&nbsp;profesion\u00e1ln\u00ed techniku od p\u0159edn\u00edch sv\u011btov\u00fdch&nbsp;v\u00fdrobc\u016f.&nbsp;&nbsp; &gt;&nbsp;Dage&nbsp;&gt;&nbsp;JB Lighting&nbsp;&gt; High end System .&nbsp; D\u00edky dne\u0161n\u00ed ledkov\u00e9 technologii m\u016f\u017eeme nab\u00eddnout vysokou rozmanitost barev RGB re\u017eimu, p\u0159i velice n\u00edzk\u00e9 spot\u0159eb\u011b.&nbsp; M\u016f\u017eeme&nbsp;V\u00e1m nab\u00eddnout r\u016fzn\u00e9 varianty nasv\u00edcen\u00ed sc\u00e9n : &nbsp;Jako dopln\u011bk pro profesion\u00e1ln\u00ed lite show&nbsp;lze pou\u017e\u00edt&nbsp;Laserov\u00e9&nbsp;nebo pyrotechnick\u00e9 efekty<\/p>\n","protected":false},"author":1,"featured_media":0,"parent":0,"menu_order":0,"comment_status":"closed","ping_status":"closed","template":"","meta":{"footnotes":""},"class_list":["post-23","page","type-page","status-publish","hentry"],"_links":{"self":[{"href":"https:\/\/www.gedysound.cz\/index.php?rest_route=\/wp\/v2\/pages\/23","targetHints":{"allow":["GET"]}}],"collection":[{"href":"https:\/\/www.gedysound.cz\/index.php?rest_route=\/wp\/v2\/pages"}],"about":[{"href":"https:\/\/www.gedysound.cz\/index.php?rest_route=\/wp\/v2\/types\/page"}],"author":[{"embeddable":true,"href":"https:\/\/www.gedysound.cz\/index.php?rest_route=\/wp\/v2\/users\/1"}],"replies":[{"embeddable":true,"href":"https:\/\/www.gedysound.cz\/index.php?rest_route=%2Fwp%2Fv2%2Fcomments&post=23"}],"version-history":[{"count":2,"href":"https:\/\/www.gedysound.cz\/index.php?rest_route=\/wp\/v2\/pages\/23\/revisions"}],"predecessor-version":[{"id":38,"href":"https:\/\/www.gedysound.cz\/index.php?rest_route=\/wp\/v2\/pages\/23\/revisions\/38"}],"wp:attachment":[{"href":"https:\/\/www.gedysound.cz\/index.php?rest_route=%2Fwp%2Fv2%2Fmedia&parent=23"}],"curies":[{"name":"wp","href":"https:\/\/api.w.org\/{rel}","templated":true}]}}