{"id":25,"date":"2025-04-08T18:25:34","date_gmt":"2025-04-08T18:25:34","guid":{"rendered":"https:\/\/www.gedysound.cz\/?page_id=25"},"modified":"2025-05-25T12:35:54","modified_gmt":"2025-05-25T12:35:54","slug":"nase-sluzby","status":"publish","type":"page","link":"https:\/\/www.gedysound.cz\/?page_id=25","title":{"rendered":"P\u00f3dia a zast\u0159e\u0161en\u00ed"},"content":{"rendered":"\n<p>Pro stavbu p\u00f3di\u00ed vyu\u017e\u00edv\u00e1 na\u0161e spole\u010dnost syst\u00e9m n\u011bmeck\u00e9 firmy&nbsp;<em>Nivtec<\/em>.<\/p>\n\n\n\n<p>Tento syst\u00e9m je zalo\u017een na skl\u00e1d\u00e1n\u00ed modul\u016f o rozm\u011brech&nbsp;<strong>2x1m, 1x1m, 0,5x1m,&nbsp;<\/strong><\/p>\n\n\n\n<p>0,5x2m&nbsp;s variabiln\u00ed mo\u017enost\u00ed nastaven\u00edm v\u00fd\u0161ky od 0,1m do 2m.<\/p>\n\n\n\n<p>D\u00edky tomuto syst\u00e9mu m\u016f\u017eeme&nbsp;tedy z\u00e1kazn\u00edkovi&nbsp;nab\u00eddnout&nbsp;libovoln\u00fd rozm\u011br p\u00f3dia&nbsp;<\/p>\n\n\n\n<p>dan\u00fd rozm\u011bry modulu.&nbsp;Spojov\u00e1n\u00ed jednotliv\u00fdch&nbsp;modul\u016f je na principu Klick-Klack&nbsp;<\/p>\n\n\n\n<p>a nen\u00ed tedy pot\u0159eba \u017e\u00e1dn\u00fdch spojovac\u00edch&nbsp;element\u016f nebo n\u00e1\u0159ad\u00ed.&nbsp;&nbsp;&nbsp;&nbsp;&nbsp;&nbsp;&nbsp;&nbsp;&nbsp;&nbsp;&nbsp;&nbsp;&nbsp;&nbsp;&nbsp;&nbsp;&nbsp;&nbsp;&nbsp;&nbsp;&nbsp;&nbsp;&nbsp;&nbsp;&nbsp;&nbsp;&nbsp;&nbsp;&nbsp;&nbsp;&nbsp;&nbsp;&nbsp;&nbsp;&nbsp;&nbsp;&nbsp;&nbsp;&nbsp;&nbsp;&nbsp;&nbsp;&nbsp;&nbsp;&nbsp;&nbsp;&nbsp;&nbsp;&nbsp;&nbsp;&nbsp;&nbsp;&nbsp;&nbsp;&nbsp;&nbsp;&nbsp;&nbsp;&nbsp;&nbsp;&nbsp;&nbsp;&nbsp;&nbsp;&nbsp;&nbsp;&nbsp;&nbsp;&nbsp;&nbsp;&nbsp;&nbsp;&nbsp;&nbsp;&nbsp;&nbsp;&nbsp;&nbsp;&nbsp;&nbsp;&nbsp;&nbsp;&nbsp;&nbsp;&nbsp;&nbsp;&nbsp;&nbsp;&nbsp;<\/p>\n\n\n\n<p>Vzhledem k tomu, \u017ee klademe ve\u0161ker\u00fd d\u016fraz na bezpe\u010dnost, jsme schopni k&nbsp;<\/p>\n\n\n\n<p>t\u011bmto syst\u00e9m\u016fm dodat nejen origin\u00e1ln\u00ed certifik\u00e1ty, ale i dopl\u0148ky jako je t\u0159eba z\u00e1bradl\u00ed atd.<\/p>\n\n\n\n<p>&nbsp;<strong>K \u010demu lze tyto podia pou\u017e\u00edt:<\/strong><\/p>\n\n\n\n<ul class=\"wp-block-list\">\n<li>koncertn\u00ed podia pod zast\u0159e\u0161en\u00ed<\/li>\n\n\n\n<li>p\u0159ehl\u00eddkov\u00e1 mola<\/li>\n\n\n\n<li>p\u00f3dia pro konference<\/li>\n\n\n\n<li>stoly\u00a0<\/li>\n\n\n\n<li>Rolling Risers\u00a0<\/li>\n\n\n\n<li>p\u00f3dia pro vystaven\u00ed automobil\u016f<\/li>\n<\/ul>\n\n\n\n<p><\/p>\n\n\n\n<h2 class=\"wp-block-heading\">Zast\u0159e\u0161en\u00ed<\/h2>\n\n\n\n<p>Pou\u017e\u00edv\u00e1me produkty zna\u010dky: <strong>Litec<\/strong><\/p>\n\n\n\n<p>Nab\u00edz\u00edme zast\u0159e\u0161en\u00ed r\u016fzn\u00fdch tip\u016f a velikost\u00ed:<\/p>\n\n\n\n<p>6x4m&nbsp;<\/p>\n\n\n\n<p>7x5m<\/p>\n\n\n\n<p>9x6m<\/p>\n\n\n\n<p>Konstrukce zna\u010dky Litec se daj\u00ed vyu\u017e\u00edt v jak\u00fdchkoliv prostorech&nbsp;<\/p>\n","protected":false},"excerpt":{"rendered":"<p>Pro stavbu p\u00f3di\u00ed vyu\u017e\u00edv\u00e1 na\u0161e spole\u010dnost syst\u00e9m n\u011bmeck\u00e9 firmy&nbsp;Nivtec. Tento syst\u00e9m je zalo\u017een na skl\u00e1d\u00e1n\u00ed modul\u016f o rozm\u011brech&nbsp;2x1m, 1x1m, 0,5x1m,&nbsp; 0,5x2m&nbsp;s variabiln\u00ed mo\u017enost\u00ed nastaven\u00edm v\u00fd\u0161ky od 0,1m do 2m. D\u00edky tomuto syst\u00e9mu m\u016f\u017eeme&nbsp;tedy z\u00e1kazn\u00edkovi&nbsp;nab\u00eddnout&nbsp;libovoln\u00fd rozm\u011br p\u00f3dia&nbsp; dan\u00fd rozm\u011bry modulu.&nbsp;Spojov\u00e1n\u00ed jednotliv\u00fdch&nbsp;modul\u016f je na principu Klick-Klack&nbsp; a nen\u00ed tedy pot\u0159eba \u017e\u00e1dn\u00fdch spojovac\u00edch&nbsp;element\u016f nebo n\u00e1\u0159ad\u00ed.&nbsp;&nbsp;&nbsp;&nbsp;&nbsp;&nbsp;&nbsp;&nbsp;&nbsp;&nbsp;&nbsp;&nbsp;&nbsp;&nbsp;&nbsp;&nbsp;&nbsp;&nbsp;&nbsp;&nbsp;&nbsp;&nbsp;&nbsp;&nbsp;&nbsp;&nbsp;&nbsp;&nbsp;&nbsp;&nbsp;&nbsp;&nbsp;&nbsp;&nbsp;&nbsp;&nbsp;&nbsp;&nbsp;&nbsp;&nbsp;&nbsp;&nbsp;&nbsp;&nbsp;&nbsp;&nbsp;&nbsp;&nbsp;&nbsp;&nbsp;&nbsp;&nbsp;&nbsp;&nbsp;&nbsp;&nbsp;&nbsp;&nbsp;&nbsp;&nbsp;&nbsp;&nbsp;&nbsp;&nbsp;&nbsp;&nbsp;&nbsp;&nbsp;&nbsp;&nbsp;&nbsp;&nbsp;&nbsp;&nbsp;&nbsp;&nbsp;&nbsp;&nbsp;&nbsp;&nbsp;&nbsp;&nbsp;&nbsp;&nbsp;&nbsp;&nbsp;&nbsp;&nbsp;&nbsp; Vzhledem k tomu, [&hellip;]<\/p>\n","protected":false},"author":1,"featured_media":0,"parent":0,"menu_order":0,"comment_status":"closed","ping_status":"closed","template":"","meta":{"footnotes":""},"class_list":["post-25","page","type-page","status-publish","hentry"],"_links":{"self":[{"href":"https:\/\/www.gedysound.cz\/index.php?rest_route=\/wp\/v2\/pages\/25","targetHints":{"allow":["GET"]}}],"collection":[{"href":"https:\/\/www.gedysound.cz\/index.php?rest_route=\/wp\/v2\/pages"}],"about":[{"href":"https:\/\/www.gedysound.cz\/index.php?rest_route=\/wp\/v2\/types\/page"}],"author":[{"embeddable":true,"href":"https:\/\/www.gedysound.cz\/index.php?rest_route=\/wp\/v2\/users\/1"}],"replies":[{"embeddable":true,"href":"https:\/\/www.gedysound.cz\/index.php?rest_route=%2Fwp%2Fv2%2Fcomments&post=25"}],"version-history":[{"count":3,"href":"https:\/\/www.gedysound.cz\/index.php?rest_route=\/wp\/v2\/pages\/25\/revisions"}],"predecessor-version":[{"id":44,"href":"https:\/\/www.gedysound.cz\/index.php?rest_route=\/wp\/v2\/pages\/25\/revisions\/44"}],"wp:attachment":[{"href":"https:\/\/www.gedysound.cz\/index.php?rest_route=%2Fwp%2Fv2%2Fmedia&parent=25"}],"curies":[{"name":"wp","href":"https:\/\/api.w.org\/{rel}","templated":true}]}}