{"id":27,"date":"2025-04-08T18:25:56","date_gmt":"2025-04-08T18:25:56","guid":{"rendered":"http:\/\/test.gedysound.cz\/?page_id=27"},"modified":"2025-05-15T20:41:09","modified_gmt":"2025-05-15T20:41:09","slug":"kontakt","status":"publish","type":"page","link":"https:\/\/www.gedysound.cz\/?page_id=27","title":{"rendered":"Kontakt"},"content":{"rendered":"\n<p>Vladim\u00edr G\u00f6tthans<br>Dru\u017estevn\u00ed 307<br>675 21 &nbsp; Ok\u0159\u00ed\u0161ky<\/p>\n\n\n\n<p>I\u010cO: 756 34 139<br>DI\u010c: CZ7512124532<br>registrov\u00e1n \u017dR u M\u011b\u00da T\u0159eb\u00ed\u010d<br>GSM: 775 066 891<\/p>\n\n\n\n<p><a href=\"mailto:info@gedysound.cz\">info@gedysound.cz<\/a><br><a href=\"https:\/\/www.gedysound.cz\">https:\/\/www.gedysound.cz<\/a><br><a href=\"https:\/\/www.gedy.cz\">https:\/\/www.gedy.cz<\/a><\/p>\n\n\n\n<p>Facebook: <a href=\"https:\/\/www.facebook.com\/Gedycz-877059072372922\/\" target=\"_blank\" rel=\"noreferrer noopener\">gedy.cz<\/a><\/p>\n","protected":false},"excerpt":{"rendered":"<p>Vladim\u00edr G\u00f6tthansDru\u017estevn\u00ed 307675 21 &nbsp; Ok\u0159\u00ed\u0161ky I\u010cO: 756 34 139DI\u010c: CZ7512124532registrov\u00e1n \u017dR u M\u011b\u00da T\u0159eb\u00ed\u010dGSM: 775 066 891 info@gedysound.czhttps:\/\/www.gedysound.czhttps:\/\/www.gedy.cz Facebook: gedy.cz<\/p>\n","protected":false},"author":1,"featured_media":0,"parent":0,"menu_order":0,"comment_status":"closed","ping_status":"closed","template":"","meta":{"footnotes":""},"class_list":["post-27","page","type-page","status-publish","hentry"],"_links":{"self":[{"href":"https:\/\/www.gedysound.cz\/index.php?rest_route=\/wp\/v2\/pages\/27","targetHints":{"allow":["GET"]}}],"collection":[{"href":"https:\/\/www.gedysound.cz\/index.php?rest_route=\/wp\/v2\/pages"}],"about":[{"href":"https:\/\/www.gedysound.cz\/index.php?rest_route=\/wp\/v2\/types\/page"}],"author":[{"embeddable":true,"href":"https:\/\/www.gedysound.cz\/index.php?rest_route=\/wp\/v2\/users\/1"}],"replies":[{"embeddable":true,"href":"https:\/\/www.gedysound.cz\/index.php?rest_route=%2Fwp%2Fv2%2Fcomments&post=27"}],"version-history":[{"count":3,"href":"https:\/\/www.gedysound.cz\/index.php?rest_route=\/wp\/v2\/pages\/27\/revisions"}],"predecessor-version":[{"id":41,"href":"https:\/\/www.gedysound.cz\/index.php?rest_route=\/wp\/v2\/pages\/27\/revisions\/41"}],"wp:attachment":[{"href":"https:\/\/www.gedysound.cz\/index.php?rest_route=%2Fwp%2Fv2%2Fmedia&parent=27"}],"curies":[{"name":"wp","href":"https:\/\/api.w.org\/{rel}","templated":true}]}}